{"id":1531,"date":"2021-07-01T10:45:28","date_gmt":"2021-07-01T08:45:28","guid":{"rendered":"https:\/\/visiodrom.de\/contract-award-notices\/"},"modified":"2025-04-22T12:19:31","modified_gmt":"2025-04-22T10:19:31","slug":"contract-award-notices","status":"publish","type":"page","link":"https:\/\/visiodrom.de\/en\/contract-award-notices\/","title":{"rendered":"Tenders"},"content":{"rendered":"<div id='av_section_1'  class='avia-section av-3di3d-fa65e0f014451b8d8cd77007ebc6a6f6 main_color avia-section-default avia-no-border-styling  avia-builder-el-0  avia-builder-el-no-sibling  avia-bg-style-scroll container_wrap fullsize'  ><div class='container av-section-cont-open' ><main  role=\"main\" itemprop=\"mainContentOfPage\"  class='template-page content  av-content-full alpha units'><div class='post-entry post-entry-type-page post-entry-1531'><div class='entry-content-wrapper clearfix'>\n\n<style type=\"text\/css\" data-created_by=\"avia_inline_auto\" id=\"style-css-av-wi5-3fb586636994eac4da54efd940f2bb10\">\n.flex_column.av-wi5-3fb586636994eac4da54efd940f2bb10{\nborder-radius:0px 0px 0px 0px;\npadding:0px 0px 0px 0px;\n}\n<\/style>\n<div  class='flex_column av-wi5-3fb586636994eac4da54efd940f2bb10 av_one_full  avia-builder-el-1  el_before_av_one_third  avia-builder-el-first  first flex_column_div av-zero-column-padding  '     ><section  class='av_textblock_section av-2dfpp-44312c7d18ceef31e2d66e73130a9ea6 '   itemscope=\"itemscope\" itemtype=\"https:\/\/schema.org\/CreativeWork\" ><div class='avia_textblock'  itemprop=\"text\" ><h1>Tenders \/ Tender Notice \/ Avis d&#8217;appel d&#8217;offres<\/h1>\n<\/div><\/section><\/div>\n<style type=\"text\/css\" data-created_by=\"avia_inline_auto\" id=\"style-css-av-wi5-2-bb5f0e202ec6cb6d16e28c56b3eea799\">\n.flex_column.av-wi5-2-bb5f0e202ec6cb6d16e28c56b3eea799{\nborder-radius:0px 0px 0px 0px;\npadding:0px 0px 0px 0px;\n}\n<\/style>\n<div  class='flex_column av-wi5-2-bb5f0e202ec6cb6d16e28c56b3eea799 av_one_third  avia-builder-el-3  el_after_av_one_full  el_before_av_two_third  first flex_column_div av-zero-column-padding  column-top-margin'     ><section  class='av_textblock_section av-2dfpp-1-fe870e3ca63691241e30184ccf32c61d '   itemscope=\"itemscope\" itemtype=\"https:\/\/schema.org\/CreativeWork\" ><div class='avia_textblock'  itemprop=\"text\" ><p><strong>Visiodrom GmbH<\/strong><\/p>\n<p><strong>Im Gaskessel Wuppertal:<\/strong><br \/>\nMohrenstra\u00dfe 3<br \/>\n42289 Wuppertal<\/p>\n<p>Commercial register: HRB 28972<br \/>\nRegister court: Wuppertal<\/p>\n<p><strong>Represented by the managing directors:<\/strong><br \/>\nDirk Emde . Faton Zenuni<\/p>\n<h3>Contact us<\/h3>\n<p>Phone: <a href=\"tel:+4920243048670\" target=\"_blank\" rel=\"nofollow\">+49 202 430 486-70<\/a><br \/>\nFax: +49 202 430 486-79<br \/>\nE-Mail: <a href=\"mailto:info@visiodrom.de\">info@visiodrom.de<\/a><\/p>\n<h3>Sales tax ID<\/h3>\n<p>Sales tax identification number: DE 318276347<\/p>\n<\/div><\/section><\/div>\n<style type=\"text\/css\" data-created_by=\"avia_inline_auto\" id=\"style-css-av-1pj55-b69b83e02e07c2ecad00ca7fefa13644\">\n.flex_column.av-1pj55-b69b83e02e07c2ecad00ca7fefa13644{\nborder-radius:0px 0px 0px 0px;\npadding:0px 0px 0px 0px;\n}\n<\/style>\n<div  class='flex_column av-1pj55-b69b83e02e07c2ecad00ca7fefa13644 av_two_third  avia-builder-el-5  el_after_av_one_third  avia-builder-el-last  flex_column_div av-zero-column-padding  column-top-margin'     ><section  class='av_textblock_section av-kzguy3bo-17c4bf0627199c6da372711e461fe4b5 '   itemscope=\"itemscope\" itemtype=\"https:\/\/schema.org\/CreativeWork\" ><div class='avia_textblock'  itemprop=\"text\" ><h3>Tender for an extension to include a ground projection (ORDER IS AWARDED)<\/h3>\n<p>Award of a contract for the technical expansion of the projection show to include a floor projection. Visiodrom GmbH awarded the contract on 22.04.2022.<\/p>\n<p><a href=\"https:\/\/visiodrom.de\/wp-content\/uploads\/Ausschreibung-Erweiterung-Bodenprojektion.pdf\" target=\"_blank\" rel=\"noopener\">Please download the invitation here.<\/a><\/p>\n<p><a href=\"https:\/\/visiodrom.de\/wp-content\/uploads\/Bieteranfrage-2022-03-05-Bodenprojektion-DE.pdf\" target=\"_blank\" rel=\"noopener\">Bidder request and response<\/a><\/p>\n<p>Client:<br \/>\nVisiodrom GmbH, Friedrich-Ebert-Str. 130, 42117 Wuppertal, represented by Managing Directors Thomas Drescher and Dirk Emde<\/p>\n<p>Contractor:<br \/>\ntennagels Medientechnik GmbH, Ackerstr. 11, 40233 D\u00fcsseldorf, represented by Managing Directors Axel Heppener and Thomas Tennagels<\/p>\n<p>Type of procedure:<br \/>\nPublic invitation to tender<\/p>\n<p>Type and scope of service:<br \/>\nSee invitation to tender above<\/p>\n<p>Period of service provision:<br \/>\n22.04.2022 to 31.05.2022<\/p>\n<h3>Tender for an extension ground projection (ORDER IST AWARDED)<\/h3>\n<p>Awarding of an order for a technical extension of the projection show with a floor projection. Visiodrom GmbH placed the order on April 22, 2022.<\/p>\n<p><a href=\"https:\/\/visiodrom.de\/wp-content\/uploads\/Tender-extension-ground-projection.pdf\" target=\"_blank\" rel=\"noopener\">Please download the tender here.<\/a><\/p>\n<p><a href=\"https:\/\/visiodrom.de\/wp-content\/uploads\/Bidder-request-2022-03-05-Floor-projection-EN.pdf\" target=\"_blank\" rel=\"noopener\">Bidder request and answer<\/a><\/p>\n<p>Client:<br \/>\nVisiodrom GmbH, Friedrich-Ebert-Str. 130, 42117 Wuppertal, represented by managing directors Thomas Drescher and Dirk Emde<\/p>\n<p>Contractor:<br \/>\ntennagels Medientechnik GmbH, Ackerstr. 11, 40233 D\u00fcsseldorf, represented by the managing directors Axel Heppener and Thomas Tennagels<\/p>\n<p>Type of procedure:<br \/>\nPublic announcement<\/p>\n<p>Type and scope of the service:<br \/>\nSee advertisement above<\/p>\n<p>Period of service provision:<br \/>\n04\/22\/2022 to 05\/31\/2022<\/p>\n<h3>Appel d&#8217;offres pour l&#8217;extension de la projection au sol (LA COMMANDE EST ATTRIBU\u00c9E)<\/h3>\n<p>Passation d&#8217;une commande pour une extension technique du spectacle de projection avec une projection au sol. Visiodrom GmbH a attribu\u00e9 le contrat le 22 avril 2022.<\/p>\n<p><a href=\"https:\/\/visiodrom.de\/wp-content\/uploads\/Appel-doffres-pour-lextension-de-la-projection-au-sol.pdf\" target=\"_blank\" rel=\"noopener\">Veuillez t\u00e9l\u00e9charger l&#8217;appel d&#8217;offres ici.<\/a><\/p>\n<p><a href=\"https:\/\/visiodrom.de\/wp-content\/uploads\/Demande-de-soumissionnaire-2022-03-05-Projection-de-sol.pdf\" target=\"_blank\" rel=\"noopener\">Demande de soumissionnaire et r\u00e9ponse<\/a><\/p>\n<p>Client:<br \/>\nVisiodrom GmbH, Friedrich-Ebert-Str. 130, 42117 Wuppertal, repr\u00e9sent\u00e9e par les g\u00e9rants Thomas Drescher et Dirk Emde<\/p>\n<p>Prestataire:<br \/>\ntennagels Medientechnik GmbH, Ackerstr. 11, 40233 D\u00fcsseldorf, repr\u00e9sent\u00e9e par les g\u00e9rants Axel Heppener et Thomas Tennagels<\/p>\n<p>Type de proc\u00e9dure :<br \/>\nAnnonce publique<\/p>\n<p>Type et \u00e9tendue du service :<br \/>\nVoir annonce ci-dessus<\/p>\n<p>P\u00e9riode de prestation de service :<br \/>\n22\/04\/2022 au 31\/05\/2022<\/p>\n<hr \/>\n<\/div><\/section><br \/>\n<section  class='av_textblock_section av-30j4pd-5074cece582706060dbfa77f339808d1 '   itemscope=\"itemscope\" itemtype=\"https:\/\/schema.org\/CreativeWork\" ><div class='avia_textblock'  itemprop=\"text\" ><h3>Tender for an upgrade of the media server (ORDER IS AWARDED)<\/h3>\n<p>Award of a contract to optimize the existing server structure. Visiodrom GmbH awarded the contract on 25.03.2022.<\/p>\n<p><a href=\"https:\/\/visiodrom.de\/wp-content\/uploads\/Ausschreibung-Ertuechtigung-Medienserver.pdf\" target=\"_blank\" rel=\"noopener\">Please download the invitation here.<\/a><\/p>\n<p><a href=\"https:\/\/visiodrom.de\/wp-content\/uploads\/Bieteranfrage-2022-03-05.pdf\" target=\"_blank\" rel=\"noopener\">Bidder question and answer<\/a><\/p>\n<p>Client:<br \/>\nVisiodrom GmbH, Friedrich-Ebert-Str. 130, 42117 Wuppertal, represented by Managing Directors Thomas Drescher and Dirk Emde<\/p>\n<p>Contractor:<br \/>\ntennagels Medientechnik GmbH, Ackerstr. 11, 40233 D\u00fcsseldorf, represented by Managing Directors Axel Heppener and Thomas Tennagels<\/p>\n<p>Type of procedure:<br \/>\nPublic invitation to tender<\/p>\n<p>Type and scope of service:<br \/>\nSee invitation to tender above<\/p>\n<p>Period of service provision:<br \/>\n25.03.2022 to 31.05.2022<\/p>\n<h3>Tender for upgrading media servers (ORDER IST AWARDED)<\/h3>\n<p>Awarding of an order for a technical extension of the existing server structure. Visiodrom GmbH placed the order on March 25th, 2022.<\/p>\n<p><a href=\"https:\/\/visiodrom.de\/wp-content\/uploads\/Tender-for-upgrading-media-servers.pdf\" target=\"_blank\" rel=\"noopener\">Please download the tender here.<\/a><\/p>\n<p><a href=\"https:\/\/visiodrom.de\/wp-content\/uploads\/Bidder-request-2022-03-05-EN.pdf\" target=\"_blank\" rel=\"noopener\">Bidder request and answer<\/a><\/p>\n<p>Client:<br \/>\nVisiodrom GmbH, Friedrich-Ebert-Str. 130, 42117 Wuppertal, represented by managing directors Thomas Drescher and Dirk Emde<\/p>\n<p>Contractor:<br \/>\ntennagels Medientechnik GmbH, Ackerstr. 11, 40233 D\u00fcsseldorf, represented by the managing directors Axel Heppener and Thomas Tennagels<\/p>\n<p>Type of procedure:<br \/>\nPublic announcement<\/p>\n<p>Type and scope of the service:<br \/>\nSee advertisement above<\/p>\n<p>Period of service provision:<br \/>\n03\/25\/2022 to 05\/31\/2022<\/p>\n<h3>Appel d&#8217;offres pour la mise \u00e0 niveau des serveurs de m\u00e9dias (LA COMMANDE EST ATTRIBU\u00c9E)<\/h3>\n<p>Attribution d&#8217;une commande pour une optimisation de la structure de serveurs existante. Visiodrom GmbH a pass\u00e9 la commande le 25 mars 2022.<\/p>\n<p><a href=\"https:\/\/visiodrom.de\/wp-content\/uploads\/Appel-doffres-de-mise-a-niveau-du-serveur-multimedia.pdf\" target=\"_blank\" rel=\"noopener\">Veuillez t\u00e9l\u00e9charger l&#8217;appel d&#8217;offres ici.<\/a><\/p>\n<p><a href=\"https:\/\/visiodrom.de\/wp-content\/uploads\/Demande-de-soumissionnaire-2022-03-05.pdf\" target=\"_blank\" rel=\"noopener\">Demande de soumissionnaire et r\u00e9ponse<\/a><\/p>\n<p>Client:<br \/>\nVisiodrom GmbH, Friedrich-Ebert-Str. 130, 42117 Wuppertal, repr\u00e9sent\u00e9e par les g\u00e9rants Thomas Drescher et Dirk Emde<\/p>\n<p>Prestataire:<br \/>\ntennagels Medientechnik GmbH, Ackerstr. 11, 40233 D\u00fcsseldorf, repr\u00e9sent\u00e9e par les g\u00e9rants Axel Heppener et Thomas Tennagels<\/p>\n<p>Type de proc\u00e9dure :<br \/>\nAnnonce publique<\/p>\n<p>Type et \u00e9tendue du service :<br \/>\nVoir annonce ci-dessus<\/p>\n<p>P\u00e9riode de prestation de service :<br \/>\n25\/03\/2022 au 31\/05\/2022<\/p>\n<hr \/>\n<\/div><\/section><br \/>\n<section  class='av_textblock_section av-pt9h-733309bed46b788b15a99921c09aab66 '   itemscope=\"itemscope\" itemtype=\"https:\/\/schema.org\/CreativeWork\" ><div class='avia_textblock'  itemprop=\"text\" ><h3>Tender for an immersive show program (ORDER IS AWARDED)<\/h3>\n<p>Award of a contract for a three-part program &#8220;immersive projection show with a focus on Monet&#8221; for Visiodrom GmbH Visiodrom GmbH awarded the contract on 15.03.2022.<\/p>\n<p><a href=\"https:\/\/visiodrom.de\/wp-content\/uploads\/Ausschreibung-fuer-ein-immersives-Show-Programm_.pdf\" target=\"_blank\" rel=\"noopener\">Please download the invitation here.<\/a><\/p>\n<p>Client:<br \/>\nVisiodrom GmbH, Friedrich-Ebert-Str. 130, 42117 Wuppertal, represented by Managing Directors Thomas Drescher and Dirk Emde<\/p>\n<p>Contractor:<br \/>\nSPECTRE LAB, 20 rue Voltaire, 93100 Montreuil, represented by Managing Director Marc Vidal<\/p>\n<p>Type of procedure:<br \/>\nPublic invitation to tender<\/p>\n<p>Type and scope of service:<br \/>\nSee invitation to tender above<\/p>\n<p>Period of service provision:<br \/>\n15.03.2022 to 31.05.2022<\/p>\n<h3>Tender for an immersive show program (ORDER IST AWARDED)<\/h3>\n<p>Award of a contract for a three-part program &#8220;immersive projection show with a focus on Monet&#8221; for Visiodrom GmbH. Visiodrom GmbH placed the order on March 15, 2022.<\/p>\n<p><a href=\"https:\/\/visiodrom.de\/wp-content\/uploads\/Tender-for-an-immersive-show-program.pdf\" target=\"_blank\" rel=\"noopener\">Please download the tender here.<\/a><\/p>\n<p>Client:<br \/>\nVisiodrom GmbH, Friedrich-Ebert-Str. 130, 42117 Wuppertal, represented by managing directors Thomas Drescher and Dirk Emde<\/p>\n<p>Contractor:<br \/>\nSPECTER LAB, 20 rue Voltaire, 93100 Montreuil, represented by Managing Director Marc Vidal<\/p>\n<p>Type of procedure:<br \/>\nPublic announcement<\/p>\n<p>Type and scope of the service:<br \/>\nSee tender above<\/p>\n<p>Period of performance:<br \/>\nMarch 15, 2022 to May 31, 2022<\/p>\n<h3>Appel d&#8217;offres pour un programme de spectacle immersif (LA COMMANDE EST ATTRIBU\u00c9E)<\/h3>\n<p>Attribution d&#8217;un march\u00e9 portant sur un program en trois parties &#8220;spectacle de projection immersif centr\u00e9 sur Monet&#8221; pour le Visiodrom GmbH. Visiodrom GmbH a pass\u00e9 la commande le 15 mars 2022.<\/p>\n<p><a href=\"https:\/\/visiodrom.de\/wp-content\/uploads\/Appel-doffres-pour-un-programme-de-spectacle-immersif.pdf\" target=\"_blank\" rel=\"noopener\">Veuillez t\u00e9l\u00e9charger l&#8217;appel d&#8217;offres ici.<\/a><\/p>\n<p>Ma\u00eetre d&#8217;ouvrage :<br \/>\nVisiodrom GmbH, Friedrich-Ebert-Str. 130, 42117 Wuppertal, repr\u00e9sent\u00e9e par les g\u00e9rants Thomas Drescher et Dirk Emde<\/p>\n<p>Contractant :<br \/>\nSPECTRE LAB, 20 rue Voltaire, 93100 Montreuil, repr\u00e9sent\u00e9 par le Directeur G\u00e9n\u00e9ral Marc Vidal<\/p>\n<p>Type de proc\u00e9dure :<br \/>\nAnnonce publique<\/p>\n<p>Nature et \u00e9tendue de la prestation :<br \/>\nVoir offre ci-dessus<\/p>\n<p>P\u00e9riode d&#8217;ex\u00e9cution :<br \/>\n15 Mars 2022 au 31 mai 2022<\/p>\n<hr \/>\n<div id=\"malwarebytes-root\"><\/div>\n<div id=\"malwarebytes-root\"><\/div>\n<\/div><\/section><\/p><\/div>\n","protected":false},"excerpt":{"rendered":"","protected":false},"author":1,"featured_media":0,"parent":0,"menu_order":12,"comment_status":"closed","ping_status":"closed","template":"","meta":{"_acf_changed":false,"inline_featured_image":false,"footnotes":""},"class_list":["post-1531","page","type-page","status-publish","hentry"],"acf":[],"yoast_head":"<!-- This site is optimized with the Yoast SEO plugin v27.5 - https:\/\/yoast.com\/product\/yoast-seo-wordpress\/ -->\n<title>Tenders - Visiodrom<\/title>\n<meta name=\"robots\" content=\"index, follow, max-snippet:-1, max-image-preview:large, max-video-preview:-1\" \/>\n<link rel=\"canonical\" href=\"https:\/\/visiodrom.de\/en\/contract-award-notices\/\" \/>\n<meta property=\"og:locale\" content=\"en_US\" \/>\n<meta property=\"og:type\" content=\"article\" \/>\n<meta property=\"og:title\" content=\"Tenders - Visiodrom\" \/>\n<meta property=\"og:url\" content=\"https:\/\/visiodrom.de\/en\/contract-award-notices\/\" \/>\n<meta property=\"og:site_name\" content=\"Visiodrom\" \/>\n<meta property=\"article:modified_time\" content=\"2025-04-22T10:19:31+00:00\" \/>\n<meta name=\"twitter:card\" content=\"summary_large_image\" \/>\n<meta name=\"twitter:label1\" content=\"Est. reading time\" \/>\n\t<meta name=\"twitter:data1\" content=\"10 minutes\" \/>\n<script type=\"application\/ld+json\" class=\"yoast-schema-graph\">{\"@context\":\"https:\\\/\\\/schema.org\",\"@graph\":[{\"@type\":\"WebPage\",\"@id\":\"https:\\\/\\\/visiodrom.de\\\/en\\\/contract-award-notices\\\/\",\"url\":\"https:\\\/\\\/visiodrom.de\\\/en\\\/contract-award-notices\\\/\",\"name\":\"Tenders - Visiodrom\",\"isPartOf\":{\"@id\":\"https:\\\/\\\/visiodrom.de\\\/en\\\/#website\"},\"datePublished\":\"2021-07-01T08:45:28+00:00\",\"dateModified\":\"2025-04-22T10:19:31+00:00\",\"breadcrumb\":{\"@id\":\"https:\\\/\\\/visiodrom.de\\\/en\\\/contract-award-notices\\\/#breadcrumb\"},\"inLanguage\":\"en-US\",\"potentialAction\":[{\"@type\":\"ReadAction\",\"target\":[\"https:\\\/\\\/visiodrom.de\\\/en\\\/contract-award-notices\\\/\"]}]},{\"@type\":\"BreadcrumbList\",\"@id\":\"https:\\\/\\\/visiodrom.de\\\/en\\\/contract-award-notices\\\/#breadcrumb\",\"itemListElement\":[{\"@type\":\"ListItem\",\"position\":1,\"name\":\"Startseite\",\"item\":\"https:\\\/\\\/visiodrom.de\\\/en\\\/\"},{\"@type\":\"ListItem\",\"position\":2,\"name\":\"Tenders\"}]},{\"@type\":\"WebSite\",\"@id\":\"https:\\\/\\\/visiodrom.de\\\/en\\\/#website\",\"url\":\"https:\\\/\\\/visiodrom.de\\\/en\\\/\",\"name\":\"Visiodrom\",\"description\":\"in the Gaskessel Wuppertal\",\"potentialAction\":[{\"@type\":\"SearchAction\",\"target\":{\"@type\":\"EntryPoint\",\"urlTemplate\":\"https:\\\/\\\/visiodrom.de\\\/en\\\/?s={search_term_string}\"},\"query-input\":{\"@type\":\"PropertyValueSpecification\",\"valueRequired\":true,\"valueName\":\"search_term_string\"}}],\"inLanguage\":\"en-US\"}]}<\/script>\n<!-- \/ Yoast SEO plugin. -->","yoast_head_json":{"title":"Tenders - Visiodrom","robots":{"index":"index","follow":"follow","max-snippet":"max-snippet:-1","max-image-preview":"max-image-preview:large","max-video-preview":"max-video-preview:-1"},"canonical":"https:\/\/visiodrom.de\/en\/contract-award-notices\/","og_locale":"en_US","og_type":"article","og_title":"Tenders - Visiodrom","og_url":"https:\/\/visiodrom.de\/en\/contract-award-notices\/","og_site_name":"Visiodrom","article_modified_time":"2025-04-22T10:19:31+00:00","twitter_card":"summary_large_image","twitter_misc":{"Est. reading time":"10 minutes"},"schema":{"@context":"https:\/\/schema.org","@graph":[{"@type":"WebPage","@id":"https:\/\/visiodrom.de\/en\/contract-award-notices\/","url":"https:\/\/visiodrom.de\/en\/contract-award-notices\/","name":"Tenders - Visiodrom","isPartOf":{"@id":"https:\/\/visiodrom.de\/en\/#website"},"datePublished":"2021-07-01T08:45:28+00:00","dateModified":"2025-04-22T10:19:31+00:00","breadcrumb":{"@id":"https:\/\/visiodrom.de\/en\/contract-award-notices\/#breadcrumb"},"inLanguage":"en-US","potentialAction":[{"@type":"ReadAction","target":["https:\/\/visiodrom.de\/en\/contract-award-notices\/"]}]},{"@type":"BreadcrumbList","@id":"https:\/\/visiodrom.de\/en\/contract-award-notices\/#breadcrumb","itemListElement":[{"@type":"ListItem","position":1,"name":"Startseite","item":"https:\/\/visiodrom.de\/en\/"},{"@type":"ListItem","position":2,"name":"Tenders"}]},{"@type":"WebSite","@id":"https:\/\/visiodrom.de\/en\/#website","url":"https:\/\/visiodrom.de\/en\/","name":"Visiodrom","description":"in the Gaskessel Wuppertal","potentialAction":[{"@type":"SearchAction","target":{"@type":"EntryPoint","urlTemplate":"https:\/\/visiodrom.de\/en\/?s={search_term_string}"},"query-input":{"@type":"PropertyValueSpecification","valueRequired":true,"valueName":"search_term_string"}}],"inLanguage":"en-US"}]}},"_links":{"self":[{"href":"https:\/\/visiodrom.de\/en\/wp-json\/wp\/v2\/pages\/1531","targetHints":{"allow":["GET"]}}],"collection":[{"href":"https:\/\/visiodrom.de\/en\/wp-json\/wp\/v2\/pages"}],"about":[{"href":"https:\/\/visiodrom.de\/en\/wp-json\/wp\/v2\/types\/page"}],"author":[{"embeddable":true,"href":"https:\/\/visiodrom.de\/en\/wp-json\/wp\/v2\/users\/1"}],"replies":[{"embeddable":true,"href":"https:\/\/visiodrom.de\/en\/wp-json\/wp\/v2\/comments?post=1531"}],"version-history":[{"count":9,"href":"https:\/\/visiodrom.de\/en\/wp-json\/wp\/v2\/pages\/1531\/revisions"}],"predecessor-version":[{"id":11174,"href":"https:\/\/visiodrom.de\/en\/wp-json\/wp\/v2\/pages\/1531\/revisions\/11174"}],"wp:attachment":[{"href":"https:\/\/visiodrom.de\/en\/wp-json\/wp\/v2\/media?parent=1531"}],"curies":[{"name":"wp","href":"https:\/\/api.w.org\/{rel}","templated":true}]}}